{"id":13,"date":"2013-12-10T21:11:59","date_gmt":"2013-12-10T19:11:59","guid":{"rendered":"http:\/\/misjonikoor.eelk.ee\/?page_id=13"},"modified":"2023-01-25T12:28:42","modified_gmt":"2023-01-25T10:28:42","slug":"misjonikoorist","status":"publish","type":"page","link":"https:\/\/misjonikoor.eelk.ee\/?page_id=13","title":{"rendered":"Misjonikoorist"},"content":{"rendered":"<p style=\"text-align: left;\"><strong style=\"line-height: 1.5;\">Misjonikoor<\/strong><span style=\"line-height: 1.5;\"> alustas t\u00f6\u00f6d aastal 1998. Koori eesm\u00e4rk on kuulutada evangeelset s\u00f5numit nii muusikas kui s\u00f5nas. Misjonikoor on p\u00fc\u00fcdnud teenida v\u00e4iksemaid kogudusi \u00fcle Eesti, aga kuulutusreisid on viinud ka Soome, L\u00e4tisse, Saksamaale, Venemaale, Ameerikasse, Kanadasse.<\/span><\/p>\n<p style=\"text-align: left;\"><span style=\"line-height: 1.5;\">Koor koondab umbes 30 r\u00f5\u00f5msat noort v\u00f5i noore hingega kristlast \u00fcle Eesti, kes kogunevad kord kuus, et harjutada kaasaegse helikeelega vaimulikke laule. <\/span><span style=\"line-height: 1.5;\">Oma mitmekesise repertuaariga soovib koor\u00a0 kuulajaid vaimselt kosutada, et koos r\u00f5\u00f5mustada Jumala ja tema tegude \u00fcle. Alates septembrist 2020 tegutseb koor Mustam\u00e4e kiriku juures.<\/span><\/p>\n<p>Koori dirigent on alates koori asutamisest 1998. aastal Maarja Vardja, kes on ka paljude esitatavate laulude helilooja. Kogumikke on Misjonikooril ilmunud n\u00fc\u00fcdseks \u00fcheksa, viimane neist 2022 aastal: J\u00f5ulumuusikal &#8220;Valgus Valguses&#8221;. Kogumikest t\u00e4psema \u00fclevaate saamiseks vaata <a href=\"http:\/\/misjonikoor.eelk.ee\/?page_id=8\">siia<\/a>.<\/p>\n<div id=\"maxgallery-220\" class=\"mg-image-tiles standard\">\t<div class=\"mg-thumbs mg-fivecol\">\t\t<ul><li>\t<a class='lightbox-220' href='https:\/\/misjonikoor.eelk.ee\/wp-content\/uploads\/2013\/12\/Keilas1.jpg'  title='' aria-haspopup='dialog' data-lightbox-gallery='gallery-220' >\t\t<div class=\"\"><img loading=\"lazy\" decoding=\"async\" class=\"\" src=\"https:\/\/misjonikoor.eelk.ee\/wp-content\/uploads\/2013\/12\/Keilas1-200x200.jpg\" width=\"200\" height=\"200\" alt=\"Keilas\" title=\"Keilas\" \/>\t\t<\/div>\t<\/a><\/li>\t\t<\/ul>\t\t<div class=\"clear\"><\/div>\t<\/div>\t<span style=\"display: none;\" class=\"hidden-image-tiles-gallery-id\">220<\/span>\t<span style=\"display: none;\" class=\"hidden-lightbox-skin\">none<\/span>\t<span style=\"display: none;\" class=\"hidden-lightbox-effect\">none<\/span>\t<span style=\"display: none;\" class=\"hidden-lightbox-kb-nav\">true<\/span>\t<span style=\"display: none;\" class=\"hidden-lightbox-img-click-close\">true<\/span>\t<span style=\"display: none;\" class=\"hidden-lightbox-ol-click-close\">true<\/span>\t<span style=\"display: none;\" class=\"hidden-lightbox-close-tip-text\">Close<\/span>\t<span style=\"display: none;\" class=\"hidden-lightbox-next-tip-text\">Next<\/span>\t<span style=\"display: none;\" class=\"hidden-lightbox-prev-tip-text\">Previous<\/span>\t<span style=\"display: none;\" class=\"hidden-lightbox-error-tip-text\">The requested content cannot be loaded. Please try again later.<\/span><\/div>\n","protected":false},"excerpt":{"rendered":"<p>Misjonikoor alustas t\u00f6\u00f6d aastal 1998. Koori eesm\u00e4rk on kuulutada evangeelset s\u00f5numit nii muusikas kui s\u00f5nas. Misjonikoor on p\u00fc\u00fcdnud teenida v\u00e4iksemaid kogudusi \u00fcle Eesti, aga kuulutusreisid on viinud ka Soome, L\u00e4tisse, Saksamaale, Venemaale, Ameerikasse, Kanadasse. Koor koondab umbes 30 r\u00f5\u00f5msat noort v\u00f5i noore hingega kristlast \u00fcle Eesti, kes kogunevad kord kuus, et harjutada kaasaegse helikeelega vaimulikke &hellip; <a href=\"https:\/\/misjonikoor.eelk.ee\/?page_id=13\" class=\"more-link\">Loe edasi <span class=\"screen-reader-text\">Misjonikoorist<\/span> <span class=\"meta-nav\">&rarr;<\/span><\/a><\/p>\n","protected":false},"author":2,"featured_media":0,"parent":0,"menu_order":0,"comment_status":"closed","ping_status":"open","template":"","meta":{"footnotes":""},"class_list":["post-13","page","type-page","status-publish","hentry"],"_links":{"self":[{"href":"https:\/\/misjonikoor.eelk.ee\/index.php?rest_route=\/wp\/v2\/pages\/13","targetHints":{"allow":["GET"]}}],"collection":[{"href":"https:\/\/misjonikoor.eelk.ee\/index.php?rest_route=\/wp\/v2\/pages"}],"about":[{"href":"https:\/\/misjonikoor.eelk.ee\/index.php?rest_route=\/wp\/v2\/types\/page"}],"author":[{"embeddable":true,"href":"https:\/\/misjonikoor.eelk.ee\/index.php?rest_route=\/wp\/v2\/users\/2"}],"replies":[{"embeddable":true,"href":"https:\/\/misjonikoor.eelk.ee\/index.php?rest_route=%2Fwp%2Fv2%2Fcomments&post=13"}],"version-history":[{"count":21,"href":"https:\/\/misjonikoor.eelk.ee\/index.php?rest_route=\/wp\/v2\/pages\/13\/revisions"}],"predecessor-version":[{"id":3212,"href":"https:\/\/misjonikoor.eelk.ee\/index.php?rest_route=\/wp\/v2\/pages\/13\/revisions\/3212"}],"wp:attachment":[{"href":"https:\/\/misjonikoor.eelk.ee\/index.php?rest_route=%2Fwp%2Fv2%2Fmedia&parent=13"}],"curies":[{"name":"wp","href":"https:\/\/api.w.org\/{rel}","templated":true}]}}