{"id":1952,"date":"2017-05-09T20:46:46","date_gmt":"2017-05-09T17:46:46","guid":{"rendered":"http:\/\/misjonikoor.eelk.ee\/?page_id=1952"},"modified":"2017-05-09T20:48:23","modified_gmt":"2017-05-09T17:48:23","slug":"the-best-of-misjonikoor","status":"publish","type":"page","link":"https:\/\/misjonikoor.eelk.ee\/?page_id=1952","title":{"rendered":"The Best of MISJONIKOOR"},"content":{"rendered":"<p><a href=\"http:\/\/misjonikoor.eelk.ee\/?attachment_id=1953\" rel=\"attachment wp-att-1953\"><img loading=\"lazy\" decoding=\"async\" class=\" wp-image-1953 aligncenter\" src=\"http:\/\/misjonikoor.eelk.ee\/wp-content\/uploads\/2017\/05\/the-best-of-misjonikoor.jpg\" alt=\"\" width=\"236\" height=\"233\" srcset=\"https:\/\/misjonikoor.eelk.ee\/wp-content\/uploads\/2017\/05\/the-best-of-misjonikoor.jpg 211w, https:\/\/misjonikoor.eelk.ee\/wp-content\/uploads\/2017\/05\/the-best-of-misjonikoor-100x100.jpg 100w\" sizes=\"auto, (max-width: 236px) 100vw, 236px\" \/><\/a><\/p>\n<p>Sisu:<\/p>\n<p><i>1. Eedenis<\/i><br \/>\n<i>2. Viimase j\u00f5uga<\/i><br \/>\n<i> 3. \u00dcle ajam\u00e4gede<\/i><br \/>\n<i>4. S\u00f5bralaul<\/i><br \/>\n<i>5. Sinu s\u00f5na<\/i><br \/>\n<i>6. Armastuse tegu<\/i><br \/>\n<i>7. Ikka kestab elu<\/i><br \/>\n<i>8. Helde karjane<\/i><br \/>\n<i>9. Kiriktiil<\/i><br \/>\n<i>10. Psalm<\/i><br \/>\n<i>11. Lootuselaul<\/i><br \/>\n<i>12. Jumal on armastus<\/i><br \/>\n<i>13. Inglilaul<\/i><br \/>\n<i>14. Unelugu<\/i><br \/>\n<i>15. All Through The Night<\/i><br \/>\n<i>16. Usutunnistus<\/i><br \/>\n<i>17. Palver\u00e4ndur<\/i><br \/>\n<i>18. Hea soov<\/i><\/p>\n<p>Kogumiku kohta k\u00fcsida <a href=\"http:\/\/misjonikeskus.eelk.ee\/kontakt\/\">Misjonikeskusest<\/a><\/p>\n","protected":false},"excerpt":{"rendered":"<p>Sisu: 1. Eedenis 2. Viimase j\u00f5uga 3. \u00dcle ajam\u00e4gede 4. S\u00f5bralaul 5. Sinu s\u00f5na 6. Armastuse tegu 7. Ikka kestab elu 8. Helde karjane 9. Kiriktiil 10. Psalm 11. Lootuselaul 12. Jumal on armastus 13. Inglilaul 14. Unelugu 15. All Through The Night 16. Usutunnistus 17. Palver\u00e4ndur 18. Hea soov Kogumiku kohta k\u00fcsida Misjonikeskusest<\/p>\n","protected":false},"author":2,"featured_media":0,"parent":0,"menu_order":0,"comment_status":"closed","ping_status":"closed","template":"","meta":{"footnotes":""},"class_list":["post-1952","page","type-page","status-publish","hentry"],"_links":{"self":[{"href":"https:\/\/misjonikoor.eelk.ee\/index.php?rest_route=\/wp\/v2\/pages\/1952","targetHints":{"allow":["GET"]}}],"collection":[{"href":"https:\/\/misjonikoor.eelk.ee\/index.php?rest_route=\/wp\/v2\/pages"}],"about":[{"href":"https:\/\/misjonikoor.eelk.ee\/index.php?rest_route=\/wp\/v2\/types\/page"}],"author":[{"embeddable":true,"href":"https:\/\/misjonikoor.eelk.ee\/index.php?rest_route=\/wp\/v2\/users\/2"}],"replies":[{"embeddable":true,"href":"https:\/\/misjonikoor.eelk.ee\/index.php?rest_route=%2Fwp%2Fv2%2Fcomments&post=1952"}],"version-history":[{"count":4,"href":"https:\/\/misjonikoor.eelk.ee\/index.php?rest_route=\/wp\/v2\/pages\/1952\/revisions"}],"predecessor-version":[{"id":1958,"href":"https:\/\/misjonikoor.eelk.ee\/index.php?rest_route=\/wp\/v2\/pages\/1952\/revisions\/1958"}],"wp:attachment":[{"href":"https:\/\/misjonikoor.eelk.ee\/index.php?rest_route=%2Fwp%2Fv2%2Fmedia&parent=1952"}],"curies":[{"name":"wp","href":"https:\/\/api.w.org\/{rel}","templated":true}]}}