{"id":1959,"date":"2017-05-09T20:50:35","date_gmt":"2017-05-09T17:50:35","guid":{"rendered":"http:\/\/misjonikoor.eelk.ee\/?page_id=1959"},"modified":"2023-01-15T20:26:29","modified_gmt":"2023-01-15T18:26:29","slug":"misjonikoor-ilm-21","status":"publish","type":"page","link":"https:\/\/misjonikoor.eelk.ee\/?page_id=1959","title":{"rendered":"Misjonikoor &#8220;Ilm.21&#8221;"},"content":{"rendered":"<p><a href=\"http:\/\/misjonikoor.eelk.ee\/wp-content\/uploads\/2013\/12\/ilm21_parem.jpg\"><img loading=\"lazy\" decoding=\"async\" class=\" wp-image-107 aligncenter\" src=\"http:\/\/misjonikoor.eelk.ee\/wp-content\/uploads\/2013\/12\/ilm21_parem.jpg\" alt=\"ilm21_parem\" width=\"300\" height=\"273\" \/><\/a><\/p>\n<p>1. Lootuse v\u00e4rv (M. Vardja)<br \/>\n2. Ajatu kell (M. Vardja \/ P. Riim)<br \/>\n<em>3.-6.\u00a0<\/em>Cantata pacis, Rahukantaat<em>\u00a0(<\/em>M. Vardja \/ K. L\u00e4\u00e4s, M. Vardja)<br \/>\n<em>7.<\/em>\u00a0Hea soov (M. Vardja \/ keldi palve t\u00f5lge J. Tammsalu)<\/p>\n<p>Esitavad Misjonikoor, ansambel, solistid ja k\u00fclalisena Oleviste segakoor<\/p>\n<p>Plaat saadaval <a href=\"http:\/\/misjon.eelk.ee\/sisu.php?lehe_id=72\" target=\"_blank\" rel=\"noopener noreferrer\">Misjonikeskuse veebipoes<\/a>\u00a0ja koguduste m\u00fc\u00fcgilettides.<\/p>\n<p>\u00dchtlasi on saadaval ka <a href=\"http:\/\/misjon.eelk.ee\/sisu.php?lehe_id=72\"><strong>n<\/strong><b>oodiraamat \u201eCantata pacis \/ Rahukantaat\u201c<\/b><\/a><\/p>\n<p>Noodiraamat ladina- ja eestikeelsele neljaosalisele teosele CANTATA PACIS ehk Rahukantaat, mis on salvestatud plaadile \u00a0ILM. 21 (2011).<br \/>\nAutor: Maarja Vardja<\/p>\n<p><img decoding=\"async\" src=\"http:\/\/misjon.eelk.ee\/pildid\/pood\/rahukantaat.jpg\" alt=\"\" \/><\/p>\n","protected":false},"excerpt":{"rendered":"<p>1. Lootuse v\u00e4rv (M. Vardja) 2. Ajatu kell (M. Vardja \/ P. Riim) 3.-6.\u00a0Cantata pacis, Rahukantaat\u00a0(M. Vardja \/ K. L\u00e4\u00e4s, M. Vardja) 7.\u00a0Hea soov (M. Vardja \/ keldi palve t\u00f5lge J. Tammsalu) Esitavad Misjonikoor, ansambel, solistid ja k\u00fclalisena Oleviste segakoor Plaat saadaval Misjonikeskuse veebipoes\u00a0ja koguduste m\u00fc\u00fcgilettides. \u00dchtlasi on saadaval ka noodiraamat \u201eCantata pacis \/ Rahukantaat\u201c &hellip; <a href=\"https:\/\/misjonikoor.eelk.ee\/?page_id=1959\" class=\"more-link\">Loe edasi <span class=\"screen-reader-text\">Misjonikoor &#8220;Ilm.21&#8221;<\/span> <span class=\"meta-nav\">&rarr;<\/span><\/a><\/p>\n","protected":false},"author":2,"featured_media":0,"parent":0,"menu_order":0,"comment_status":"closed","ping_status":"closed","template":"","meta":{"footnotes":""},"class_list":["post-1959","page","type-page","status-publish","hentry"],"_links":{"self":[{"href":"https:\/\/misjonikoor.eelk.ee\/index.php?rest_route=\/wp\/v2\/pages\/1959","targetHints":{"allow":["GET"]}}],"collection":[{"href":"https:\/\/misjonikoor.eelk.ee\/index.php?rest_route=\/wp\/v2\/pages"}],"about":[{"href":"https:\/\/misjonikoor.eelk.ee\/index.php?rest_route=\/wp\/v2\/types\/page"}],"author":[{"embeddable":true,"href":"https:\/\/misjonikoor.eelk.ee\/index.php?rest_route=\/wp\/v2\/users\/2"}],"replies":[{"embeddable":true,"href":"https:\/\/misjonikoor.eelk.ee\/index.php?rest_route=%2Fwp%2Fv2%2Fcomments&post=1959"}],"version-history":[{"count":2,"href":"https:\/\/misjonikoor.eelk.ee\/index.php?rest_route=\/wp\/v2\/pages\/1959\/revisions"}],"predecessor-version":[{"id":3188,"href":"https:\/\/misjonikoor.eelk.ee\/index.php?rest_route=\/wp\/v2\/pages\/1959\/revisions\/3188"}],"wp:attachment":[{"href":"https:\/\/misjonikoor.eelk.ee\/index.php?rest_route=%2Fwp%2Fv2%2Fmedia&parent=1959"}],"curies":[{"name":"wp","href":"https:\/\/api.w.org\/{rel}","templated":true}]}}