{"id":8,"date":"2013-12-10T19:53:25","date_gmt":"2013-12-10T17:53:25","guid":{"rendered":"http:\/\/misjonikoor.eelk.ee\/?page_id=8"},"modified":"2023-01-25T12:27:44","modified_gmt":"2023-01-25T10:27:44","slug":"plaadid","status":"publish","type":"page","link":"https:\/\/misjonikoor.eelk.ee\/?page_id=8","title":{"rendered":"Muusika"},"content":{"rendered":"<h5>Misjonikoor on v\u00e4lja andnud \u00fcheksa salvestist:<\/h5>\n<ul>\n<li><a href=\"https:\/\/misjonikoor.eelk.ee\/?page_id=3184\">CD J\u00f5ulumuusikal &#8220;Valgus Valguses&#8221; 2022<\/a><\/li>\n<li><a href=\"http:\/\/misjonikoor.eelk.ee\/?page_id=1449\">CD &#8220;Hingekuld&#8221; 2016<\/a><\/li>\n<li><a href=\"http:\/\/misjonikoor.eelk.ee\/?page_id=1959\">CD\u00a0\u201eIlm.21\u201c 2011<\/a><\/li>\n<li><a href=\"http:\/\/misjonikoor.eelk.ee\/?page_id=2419\" target=\"_blank\" rel=\"noopener\">CD gospelkantaat \u201cTeelised\u201d 2008<\/a><\/li>\n<li><a href=\"http:\/\/misjonikoor.eelk.ee\/?page_id=95\">CD \u201cValge r\u00fc\u00fc\u201d 2007<\/a><\/li>\n<li><a href=\"http:\/\/misjonikoor.eelk.ee\/?page_id=1952\">CD \u201cThe best of Misjonikoor\u201d 2006 &#8211; koondab senise lauluparemiku<\/a><\/li>\n<li><a href=\"http:\/\/misjonikoor.eelk.ee\/?page_id=1961\">CD ja kassett \u201cKiriktiil\u201d 2002<\/a><\/li>\n<li><a href=\"http:\/\/misjonikoor.eelk.ee\/?page_id=1970\">CD ja kassett \u201cHea soov\u201d 2000<\/a><\/li>\n<li><a href=\"http:\/\/misjonikoor.eelk.ee\/?page_id=1966\">CD ja kassett \u201cVaikuse laulud\u201d 1999<\/a><\/li>\n<\/ul>\n","protected":false},"excerpt":{"rendered":"<p>Misjonikoor on v\u00e4lja andnud \u00fcheksa salvestist: CD J\u00f5ulumuusikal &#8220;Valgus Valguses&#8221; 2022 CD &#8220;Hingekuld&#8221; 2016 CD\u00a0\u201eIlm.21\u201c 2011 CD gospelkantaat \u201cTeelised\u201d 2008 CD \u201cValge r\u00fc\u00fc\u201d 2007 CD \u201cThe best of Misjonikoor\u201d 2006 &#8211; koondab senise lauluparemiku CD ja kassett \u201cKiriktiil\u201d 2002 CD ja kassett \u201cHea soov\u201d 2000 CD ja kassett \u201cVaikuse laulud\u201d 1999<\/p>\n","protected":false},"author":1,"featured_media":0,"parent":0,"menu_order":0,"comment_status":"closed","ping_status":"open","template":"","meta":{"footnotes":""},"class_list":["post-8","page","type-page","status-publish","hentry"],"_links":{"self":[{"href":"https:\/\/misjonikoor.eelk.ee\/index.php?rest_route=\/wp\/v2\/pages\/8","targetHints":{"allow":["GET"]}}],"collection":[{"href":"https:\/\/misjonikoor.eelk.ee\/index.php?rest_route=\/wp\/v2\/pages"}],"about":[{"href":"https:\/\/misjonikoor.eelk.ee\/index.php?rest_route=\/wp\/v2\/types\/page"}],"author":[{"embeddable":true,"href":"https:\/\/misjonikoor.eelk.ee\/index.php?rest_route=\/wp\/v2\/users\/1"}],"replies":[{"embeddable":true,"href":"https:\/\/misjonikoor.eelk.ee\/index.php?rest_route=%2Fwp%2Fv2%2Fcomments&post=8"}],"version-history":[{"count":28,"href":"https:\/\/misjonikoor.eelk.ee\/index.php?rest_route=\/wp\/v2\/pages\/8\/revisions"}],"predecessor-version":[{"id":3211,"href":"https:\/\/misjonikoor.eelk.ee\/index.php?rest_route=\/wp\/v2\/pages\/8\/revisions\/3211"}],"wp:attachment":[{"href":"https:\/\/misjonikoor.eelk.ee\/index.php?rest_route=%2Fwp%2Fv2%2Fmedia&parent=8"}],"curies":[{"name":"wp","href":"https:\/\/api.w.org\/{rel}","templated":true}]}}